{"id":161,"date":"2022-12-02T21:05:13","date_gmt":"2022-12-02T21:05:13","guid":{"rendered":"https:\/\/biomagna.com\/?page_id=161"},"modified":"2022-12-02T21:56:10","modified_gmt":"2022-12-02T21:56:10","slug":"biomagna-blog","status":"publish","type":"page","link":"https:\/\/biomagna.com\/index.php\/biomagna-blog\/","title":{"rendered":"Blog de Biomagna"},"content":{"rendered":"\t\t<div data-elementor-type=\"wp-page\" data-elementor-id=\"161\" class=\"elementor elementor-161\">\n\t\t\t\t\t\t\t\t\t<section class=\"elementor-section elementor-top-section elementor-element elementor-element-18f3a38a elementor-section-boxed elementor-section-height-default elementor-section-height-default\" data-id=\"18f3a38a\" data-element_type=\"section\">\n\t\t\t\t\t\t<div class=\"elementor-container elementor-column-gap-default\">\n\t\t\t\t\t<div class=\"elementor-column elementor-col-100 elementor-top-column elementor-element elementor-element-622ea981\" data-id=\"622ea981\" data-element_type=\"column\">\n\t\t\t<div class=\"elementor-widget-wrap elementor-element-populated\">\n\t\t\t\t\t\t\t\t<div class=\"elementor-element elementor-element-c1c1be2 elementor-widget elementor-widget-shortcode\" data-id=\"c1c1be2\" data-element_type=\"widget\" data-widget_type=\"shortcode.default\">\n\t\t\t\t<div class=\"elementor-widget-container\">\n\t\t\t\t\t<div class=\"elementor-shortcode\">\r\n\t\t<div class=\"bdp-post-grid-main bdp-design-1 bdpgrid-1 bdp-clearfix\">\r\n\t\t\t<div class=\"bdp-post-grid  bdp-medium-12 bdp-columns \">\r\n\t<div class=\"bdp-post-grid-content \">\r\n\t\t\t\t<div class=\"bdp-post-image-bg\">\r\n\t\t\t<a href=\"https:\/\/biomagna.com\/index.php\/2022\/12\/02\/205\/\">\r\n\t\t\t\t<img decoding=\"async\" src=\"https:\/\/biomagna.com\/wp-content\/uploads\/2022\/12\/meniscos-1024x683.jpg\" alt=\"El campo electromagn\u00e9tico pulsado (PEMF therapy) mejora la curaci\u00f3n de un desgarro de menisco y mitiga el dolor cr\u00f3nico de la osteoartritis postraum\u00e1tica en un modelo de rata\" \/>\r\n\t\t\t<\/a>\r\n\t\t<\/div>\r\n\t\t\r\n\t\t<h2 class=\"bdp-post-title\">\r\n\t\t\t<a href=\"https:\/\/biomagna.com\/index.php\/2022\/12\/02\/205\/\">El campo electromagn\u00e9tico pulsado (PEMF therapy) mejora la curaci\u00f3n de un desgarro de menisco y mitiga el dolor cr\u00f3nico de la osteoartritis postraum\u00e1tica en un modelo de rata<\/a>\r\n\t\t<\/h2>\r\n\r\n\t\t\t\t\t<div class=\"bdp-post-meta\">\r\n\t\t\t\t\t\t\t\t\t<span class=\"bdp-post-meta-innr bdp-user-img\">admin<\/span>\r\n\t\t\t\t<span class=\"bdpp-post-meta-sep\">\/<\/span>\t\t\t\t\t<span class=\"bdp-post-meta-innr bdp-time\"> diciembre 2, 2022 <\/span>\r\n\t\t\t\t\t\t\t<\/div>\r\n\t\t\t\t\t<div class=\"bdp-post-content\">\r\n\t\t\t\t<div class=\"bdp-post-short-content\">Novedades cient\u00edficas El campo electromagn\u00e9tico pulsado (PEMF therapy) mejora la...<\/div>\r\n\t\t\t\t\t\t\t\t\t<a href=\"https:\/\/biomagna.com\/index.php\/2022\/12\/02\/205\/\" class=\"bdp-readmorebtn\">Lee Mas<\/a>\r\n\t\t\t\t\t\t\t<\/div>\r\n\t\t\t<\/div>\r\n<\/div><div class=\"bdp-post-grid  bdp-medium-12 bdp-columns \">\r\n\t<div class=\"bdp-post-grid-content \">\r\n\t\t\t\t<div class=\"bdp-post-image-bg\">\r\n\t\t\t<a href=\"https:\/\/biomagna.com\/index.php\/2022\/12\/02\/196\/\">\r\n\t\t\t\t<img decoding=\"async\" src=\"https:\/\/biomagna.com\/wp-content\/uploads\/2022\/12\/1-Con-Luz-1-1024x576.png\" alt=\"Estudio demuestra la efectividad de la terapia PEMF como terapia complementaria para disminuir el dolor, calmar la ansiedad, y superar la depresi\u00f3n.\" \/>\r\n\t\t\t<\/a>\r\n\t\t<\/div>\r\n\t\t\r\n\t\t<h2 class=\"bdp-post-title\">\r\n\t\t\t<a href=\"https:\/\/biomagna.com\/index.php\/2022\/12\/02\/196\/\">Estudio demuestra la efectividad de la terapia PEMF como terapia complementaria para disminuir el dolor, calmar la ansiedad, y superar la depresi\u00f3n.<\/a>\r\n\t\t<\/h2>\r\n\r\n\t\t\t\t\t<div class=\"bdp-post-meta\">\r\n\t\t\t\t\t\t\t\t\t<span class=\"bdp-post-meta-innr bdp-user-img\">admin<\/span>\r\n\t\t\t\t<span class=\"bdpp-post-meta-sep\">\/<\/span>\t\t\t\t\t<span class=\"bdp-post-meta-innr bdp-time\"> diciembre 2, 2022 <\/span>\r\n\t\t\t\t\t\t\t<\/div>\r\n\t\t\t\t\t<div class=\"bdp-post-content\">\r\n\t\t\t\t<div class=\"bdp-post-short-content\">Novedades cient\u00edficas Estudio demuestra la efectividad de la terapia PEMF...<\/div>\r\n\t\t\t\t\t\t\t\t\t<a href=\"https:\/\/biomagna.com\/index.php\/2022\/12\/02\/196\/\" class=\"bdp-readmorebtn\">Lee Mas<\/a>\r\n\t\t\t\t\t\t\t<\/div>\r\n\t\t\t<\/div>\r\n<\/div><div class=\"bdp-post-grid  bdp-medium-12 bdp-columns \">\r\n\t<div class=\"bdp-post-grid-content \">\r\n\t\t\t\t<div class=\"bdp-post-image-bg\">\r\n\t\t\t<a href=\"https:\/\/biomagna.com\/index.php\/2022\/12\/02\/la-estimulacion-magnetica-transcraneal-una-alternativa-que-ayuda-a-combatir-la-depresion\/\">\r\n\t\t\t\t<img decoding=\"async\" src=\"https:\/\/biomagna.com\/wp-content\/uploads\/2022\/12\/depresion-1024x768.jpg\" alt=\"La Estimulaci\u00f3n magn\u00e9tica transcraneal, una alternativa que ayuda a combatir la depresi\u00f3n\" \/>\r\n\t\t\t<\/a>\r\n\t\t<\/div>\r\n\t\t\r\n\t\t<h2 class=\"bdp-post-title\">\r\n\t\t\t<a href=\"https:\/\/biomagna.com\/index.php\/2022\/12\/02\/la-estimulacion-magnetica-transcraneal-una-alternativa-que-ayuda-a-combatir-la-depresion\/\">La Estimulaci\u00f3n magn\u00e9tica transcraneal, una alternativa que ayuda a combatir la depresi\u00f3n<\/a>\r\n\t\t<\/h2>\r\n\r\n\t\t\t\t\t<div class=\"bdp-post-meta\">\r\n\t\t\t\t\t\t\t\t\t<span class=\"bdp-post-meta-innr bdp-user-img\">admin<\/span>\r\n\t\t\t\t<span class=\"bdpp-post-meta-sep\">\/<\/span>\t\t\t\t\t<span class=\"bdp-post-meta-innr bdp-time\"> diciembre 2, 2022 <\/span>\r\n\t\t\t\t<span class=\"bdpp-post-meta-sep\">\/<\/span>\t\t\t\t\t<span class=\"bdp-post-meta-innr bdp-post-comments\">\r\n\t\t\t\t\t\t<a href=\"https:\/\/biomagna.com\/index.php\/2022\/12\/02\/la-estimulacion-magnetica-transcraneal-una-alternativa-que-ayuda-a-combatir-la-depresion\/#comments\">1 Reply<\/a>\r\n\t\t\t\t\t<\/span>\r\n\t\t\t\t\t\t\t<\/div>\r\n\t\t\t\t\t<div class=\"bdp-post-content\">\r\n\t\t\t\t<div class=\"bdp-post-short-content\">Novedades cient\u00edficas La Estimulaci\u00f3n magn\u00e9tica transcraneal, una alternativa que ayuda...<\/div>\r\n\t\t\t\t\t\t\t\t\t<a href=\"https:\/\/biomagna.com\/index.php\/2022\/12\/02\/la-estimulacion-magnetica-transcraneal-una-alternativa-que-ayuda-a-combatir-la-depresion\/\" class=\"bdp-readmorebtn\">Lee Mas<\/a>\r\n\t\t\t\t\t\t\t<\/div>\r\n\t\t\t<\/div>\r\n<\/div><div class=\"bdp-post-grid  bdp-medium-12 bdp-columns \">\r\n\t<div class=\"bdp-post-grid-content \">\r\n\t\t\t\t<div class=\"bdp-post-image-bg\">\r\n\t\t\t<a href=\"https:\/\/biomagna.com\/index.php\/2022\/12\/02\/la-terapia-pemf-alivia-el-dolor-la-fatiga-y-mejora-el-funcionamiento-global-de-pacientes-con-fibromialgia\/\">\r\n\t\t\t\t<img decoding=\"async\" src=\"https:\/\/biomagna.com\/wp-content\/uploads\/2022\/12\/fibriomialgia-1024x683.jpg\" alt=\"La terapia PEMF alivia el dolor, la fatiga y mejora el funcionamiento global\u00a0 de pacientes con fibromialgia\" \/>\r\n\t\t\t<\/a>\r\n\t\t<\/div>\r\n\t\t\r\n\t\t<h2 class=\"bdp-post-title\">\r\n\t\t\t<a href=\"https:\/\/biomagna.com\/index.php\/2022\/12\/02\/la-terapia-pemf-alivia-el-dolor-la-fatiga-y-mejora-el-funcionamiento-global-de-pacientes-con-fibromialgia\/\">La terapia PEMF alivia el dolor, la fatiga y mejora el funcionamiento global\u00a0 de pacientes con fibromialgia<\/a>\r\n\t\t<\/h2>\r\n\r\n\t\t\t\t\t<div class=\"bdp-post-meta\">\r\n\t\t\t\t\t\t\t\t\t<span class=\"bdp-post-meta-innr bdp-user-img\">admin<\/span>\r\n\t\t\t\t<span class=\"bdpp-post-meta-sep\">\/<\/span>\t\t\t\t\t<span class=\"bdp-post-meta-innr bdp-time\"> diciembre 2, 2022 <\/span>\r\n\t\t\t\t\t\t\t<\/div>\r\n\t\t\t\t\t<div class=\"bdp-post-content\">\r\n\t\t\t\t<div class=\"bdp-post-short-content\">Novedades cient\u00edficas La terapia PEMF alivia el dolor, la fatiga...<\/div>\r\n\t\t\t\t\t\t\t\t\t<a href=\"https:\/\/biomagna.com\/index.php\/2022\/12\/02\/la-terapia-pemf-alivia-el-dolor-la-fatiga-y-mejora-el-funcionamiento-global-de-pacientes-con-fibromialgia\/\" class=\"bdp-readmorebtn\">Lee Mas<\/a>\r\n\t\t\t\t\t\t\t<\/div>\r\n\t\t\t<\/div>\r\n<\/div><div class=\"bdp-post-grid  bdp-medium-12 bdp-columns \">\r\n\t<div class=\"bdp-post-grid-content \">\r\n\t\t\t\t<div class=\"bdp-post-image-bg\">\r\n\t\t\t<a href=\"https:\/\/biomagna.com\/index.php\/2022\/12\/02\/estudio-demuestra-la-eficacia-de-la-terapia-pemf-en-la-reduccion-del-dolor-cronico-lumbar\/\">\r\n\t\t\t\t<img decoding=\"async\" src=\"https:\/\/biomagna.com\/wp-content\/uploads\/2022\/12\/dolor-lumbar-1024x670.jpg\" alt=\"Estudio demuestra la eficacia de la terapia PEMF en la reducci\u00f3n del dolor cr\u00f3nico lumbar\" \/>\r\n\t\t\t<\/a>\r\n\t\t<\/div>\r\n\t\t\r\n\t\t<h2 class=\"bdp-post-title\">\r\n\t\t\t<a href=\"https:\/\/biomagna.com\/index.php\/2022\/12\/02\/estudio-demuestra-la-eficacia-de-la-terapia-pemf-en-la-reduccion-del-dolor-cronico-lumbar\/\">Estudio demuestra la eficacia de la terapia PEMF en la reducci\u00f3n del dolor cr\u00f3nico lumbar<\/a>\r\n\t\t<\/h2>\r\n\r\n\t\t\t\t\t<div class=\"bdp-post-meta\">\r\n\t\t\t\t\t\t\t\t\t<span class=\"bdp-post-meta-innr bdp-user-img\">admin<\/span>\r\n\t\t\t\t<span class=\"bdpp-post-meta-sep\">\/<\/span>\t\t\t\t\t<span class=\"bdp-post-meta-innr bdp-time\"> diciembre 2, 2022 <\/span>\r\n\t\t\t\t\t\t\t<\/div>\r\n\t\t\t\t\t<div class=\"bdp-post-content\">\r\n\t\t\t\t<div class=\"bdp-post-short-content\">Novedades cient\u00edficas Estudio demuestra la eficacia de la terapia PEMF...<\/div>\r\n\t\t\t\t\t\t\t\t\t<a href=\"https:\/\/biomagna.com\/index.php\/2022\/12\/02\/estudio-demuestra-la-eficacia-de-la-terapia-pemf-en-la-reduccion-del-dolor-cronico-lumbar\/\" class=\"bdp-readmorebtn\">Lee Mas<\/a>\r\n\t\t\t\t\t\t\t<\/div>\r\n\t\t\t<\/div>\r\n<\/div><div class=\"bdp-post-grid  bdp-medium-12 bdp-columns \">\r\n\t<div class=\"bdp-post-grid-content \">\r\n\t\t\t\t<div class=\"bdp-post-image-bg\">\r\n\t\t\t<a href=\"https:\/\/biomagna.com\/index.php\/2022\/12\/02\/estudios-demuestran-los-beneficios-de-la-terapia-pemf-sobre-el-dolor-y-calidad-de-vida-en-pacientes-con-osteortratis\/\">\r\n\t\t\t\t<img decoding=\"async\" src=\"https:\/\/biomagna.com\/wp-content\/uploads\/2022\/12\/osteortritis-768x1024.jpg\" alt=\"Estudios demuestran los beneficios de la terapia PEMF sobre el dolor y calidad de vida en pacientes con Osteortratis\" \/>\r\n\t\t\t<\/a>\r\n\t\t<\/div>\r\n\t\t\r\n\t\t<h2 class=\"bdp-post-title\">\r\n\t\t\t<a href=\"https:\/\/biomagna.com\/index.php\/2022\/12\/02\/estudios-demuestran-los-beneficios-de-la-terapia-pemf-sobre-el-dolor-y-calidad-de-vida-en-pacientes-con-osteortratis\/\">Estudios demuestran los beneficios de la terapia PEMF sobre el dolor y calidad de vida en pacientes con Osteortratis<\/a>\r\n\t\t<\/h2>\r\n\r\n\t\t\t\t\t<div class=\"bdp-post-meta\">\r\n\t\t\t\t\t\t\t\t\t<span class=\"bdp-post-meta-innr bdp-user-img\">admin<\/span>\r\n\t\t\t\t<span class=\"bdpp-post-meta-sep\">\/<\/span>\t\t\t\t\t<span class=\"bdp-post-meta-innr bdp-time\"> diciembre 2, 2022 <\/span>\r\n\t\t\t\t\t\t\t<\/div>\r\n\t\t\t\t\t<div class=\"bdp-post-content\">\r\n\t\t\t\t<div class=\"bdp-post-short-content\">Novedades cient\u00edficas Estudios demuestran los beneficios de la terapia PEMF...<\/div>\r\n\t\t\t\t\t\t\t\t\t<a href=\"https:\/\/biomagna.com\/index.php\/2022\/12\/02\/estudios-demuestran-los-beneficios-de-la-terapia-pemf-sobre-el-dolor-y-calidad-de-vida-en-pacientes-con-osteortratis\/\" class=\"bdp-readmorebtn\">Lee Mas<\/a>\r\n\t\t\t\t\t\t\t<\/div>\r\n\t\t\t<\/div>\r\n<\/div>\t\t<\/div>\r\n\r\n\t\t<\/div>\n\t\t\t\t<\/div>\n\t\t\t\t<\/div>\n\t\t\t\t\t<\/div>\n\t\t<\/div>\n\t\t\t\t\t\t\t<\/div>\n\t\t<\/section>\n\t\t\t\t\t\t\t<\/div>\n\t\t","protected":false},"excerpt":{"rendered":"","protected":false},"author":1,"featured_media":0,"parent":0,"menu_order":0,"comment_status":"closed","ping_status":"closed","template":"elementor_canvas","meta":{"footnotes":""},"class_list":["post-161","page","type-page","status-publish","hentry"],"_links":{"self":[{"href":"https:\/\/biomagna.com\/index.php\/wp-json\/wp\/v2\/pages\/161","targetHints":{"allow":["GET"]}}],"collection":[{"href":"https:\/\/biomagna.com\/index.php\/wp-json\/wp\/v2\/pages"}],"about":[{"href":"https:\/\/biomagna.com\/index.php\/wp-json\/wp\/v2\/types\/page"}],"author":[{"embeddable":true,"href":"https:\/\/biomagna.com\/index.php\/wp-json\/wp\/v2\/users\/1"}],"replies":[{"embeddable":true,"href":"https:\/\/biomagna.com\/index.php\/wp-json\/wp\/v2\/comments?post=161"}],"version-history":[{"count":10,"href":"https:\/\/biomagna.com\/index.php\/wp-json\/wp\/v2\/pages\/161\/revisions"}],"predecessor-version":[{"id":220,"href":"https:\/\/biomagna.com\/index.php\/wp-json\/wp\/v2\/pages\/161\/revisions\/220"}],"wp:attachment":[{"href":"https:\/\/biomagna.com\/index.php\/wp-json\/wp\/v2\/media?parent=161"}],"curies":[{"name":"wp","href":"https:\/\/api.w.org\/{rel}","templated":true}]}}